{"id":920,"date":"2022-05-19T13:29:30","date_gmt":"2022-05-19T11:29:30","guid":{"rendered":"https:\/\/kirschner-und-sohn-2021-09-03.aw003.de\/?page_id=920"},"modified":"2022-07-05T14:43:24","modified_gmt":"2022-07-05T12:43:24","slug":"produkte","status":"publish","type":"page","link":"https:\/\/www.juliuskirschner.de\/en\/produkte\/","title":{"rendered":"Produkte"},"content":{"rendered":"<p>[et_pb_section fb_built=&#8221;1&#8243; module_class=&#8221;ds-section&#8221; _builder_version=&#8221;4.16&#8243; _module_preset=&#8221;default&#8221; global_colors_info=&#8221;{}&#8221;][et_pb_row module_class=&#8221;ueberschrift&#8221; _builder_version=&#8221;4.16&#8243; _module_preset=&#8221;default&#8221; global_colors_info=&#8221;{}&#8221;][et_pb_column type=&#8221;4_4&#8243; _builder_version=&#8221;4.16&#8243; _module_preset=&#8221;default&#8221; global_colors_info=&#8221;{}&#8221;][et_pb_text _builder_version=&#8221;4.16&#8243; _module_preset=&#8221;default&#8221; global_colors_info=&#8221;{}&#8221;]<\/p>\n<h2>Verf\u00fcgbare Rohlinge<\/h2>\n<p>[\/et_pb_text][\/et_pb_column][\/et_pb_row][et_pb_row column_structure=&#8221;1_3,1_3,1_3&#8243; module_class=&#8221;produkte&#8221; _builder_version=&#8221;4.16&#8243; _module_preset=&#8221;default&#8221; global_colors_info=&#8221;{}&#8221;][et_pb_column type=&#8221;1_3&#8243; _builder_version=&#8221;4.16&#8243; _module_preset=&#8221;default&#8221; global_colors_info=&#8221;{}&#8221;][et_pb_text admin_label=&#8221;Standardserie&#8221; module_class=&#8221;wert-eins&#8221; _builder_version=&#8221;4.17.4&#8243; _module_preset=&#8221;default&#8221; hover_enabled=&#8221;0&#8243; global_colors_info=&#8221;{}&#8221; sticky_enabled=&#8221;0&#8243;]<\/p>\n<h3>Standard series<\/h3>\n<p>The standard series range has more than 20 models. The smallest knife in this series is the so-called paring knife, the largest is the chef&#8217;s knife with a blade length of 32 cm. We are also happy to supply the handle shells and corresponding drill and step rivets for all available handle sizes<\/p>\n<p><a href=\"#product-row\">Ask for free<\/a>[\/et_pb_text][\/et_pb_column][et_pb_column type=&#8221;1_3&#8243; _builder_version=&#8221;4.16&#8243; _module_preset=&#8221;default&#8221; global_colors_info=&#8221;{}&#8221;][et_pb_text admin_label=&#8221;Steckerlserie&#8221; module_class=&#8221;wert-zwei&#8221; _builder_version=&#8221;4.17.4&#8243; _module_preset=&#8221;default&#8221; hover_enabled=&#8221;0&#8243; global_colors_info=&#8221;{}&#8221; sticky_enabled=&#8221;0&#8243;]<\/p>\n<h3>Steckerlserie<\/h3>\n<p>Like the standard series, the Steckerlserie also has many different models. Here, too, we can offer you the appropriate handles in plastic. If you prefer to mount wooden handles, this is also possible.<\/p>\n<p><a href=\"#product-row\">Ask for free<\/a>[\/et_pb_text][\/et_pb_column][et_pb_column type=&#8221;1_3&#8243; _builder_version=&#8221;4.16&#8243; _module_preset=&#8221;default&#8221; global_colors_info=&#8221;{}&#8221;][et_pb_text admin_label=&#8221;Eigene Serie erstellen&#8221; module_class=&#8221;wert-drei&#8221; _builder_version=&#8221;4.17.4&#8243; _module_preset=&#8221;default&#8221; hover_enabled=&#8221;0&#8243; global_colors_info=&#8221;{}&#8221; sticky_enabled=&#8221;0&#8243;]<\/p>\n<h3>Create your own series<\/h3>\n<p>You want to create your own knife series according to your ideas? You have the idea and we will implement it. Whether it&#8217;s a small sketch or drawings that are already available, we can convert this information into CAD and CAM.<\/p>\n<p><a href=\"#product-row\">Ask for free<\/a>[\/et_pb_text][\/et_pb_column][\/et_pb_row][\/et_pb_section][et_pb_section fb_built=&#8221;1&#8243; admin_label=&#8221;Kontakt&#8221; module_id=&#8221;kontakt-sektion&#8221; module_class=&#8221;blue&#8221; _builder_version=&#8221;4.16&#8243; _module_preset=&#8221;default&#8221; global_colors_info=&#8221;{}&#8221;][et_pb_row column_structure=&#8221;1_2,1_2&#8243; module_class=&#8221;formular-row&#8221; _builder_version=&#8221;4.17.4&#8243; _module_preset=&#8221;default&#8221; hover_enabled=&#8221;0&#8243; global_colors_info=&#8221;{}&#8221; module_id=&#8221;product-row&#8221; sticky_enabled=&#8221;0&#8243;][et_pb_column type=&#8221;1_2&#8243; _builder_version=&#8221;4.16&#8243; _module_preset=&#8221;default&#8221; global_colors_info=&#8221;{}&#8221;][et_pb_text _builder_version=&#8221;4.16&#8243; _module_preset=&#8221;default&#8221; global_colors_info=&#8221;{}&#8221;]<\/p>\n<h3>NO-BINDING ADVICE<\/h3>\n<p>Contact us by phone or email. We look forward to your inquiry!<br \/>\n<a href=\"tel:+49(0)212 \/ 248128-0\" class=\"phone\">+49(0)212 \/ 248128-0<\/a><a    class=\"kontakt mail-cloak-email\" href=\"#\" data-email-method=\"matrix\" data-email-value=\"lqir#mxolxvnluvfkqhu.gh\" data-email-mailto=\"pdlowr:lqir#mxolxvnluvfkqhu.gh\" data-email-default-character=\"*\" data-email-time=\"true\" data-email-delay=\"1\">***********************<\/a><a href=\"https:\/\/goo.gl\/maps\/iwpdik1JA9hLzMWn6\" target=\"_blank\" class=\"location\" rel=\"noopener\">L\u00fcneschlo\u00dfstra\u00dfe 87, 42657 Solingen<\/a><br \/>\nTelefax: +49(0)212 \/ 248128-0[\/et_pb_text][\/et_pb_column][et_pb_column type=&#8221;1_2&#8243; _builder_version=&#8221;4.16&#8243; _module_preset=&#8221;default&#8221; global_colors_info=&#8221;{}&#8221;][et_pb_code module_class=&#8221;form1&#8243; _builder_version=&#8221;4.17.4&#8243; _module_preset=&#8221;default&#8221; hover_enabled=&#8221;0&#8243; global_colors_info=&#8221;{}&#8221; sticky_enabled=&#8221;0&#8243;]\n<div class=\"wpcf7 no-js\" id=\"wpcf7-f1540-o1\" lang=\"de-DE\" dir=\"ltr\" data-wpcf7-id=\"1540\">\n<div class=\"screen-reader-response\"><p role=\"status\" aria-live=\"polite\" aria-atomic=\"true\"><\/p> <ul><\/ul><\/div>\n<form action=\"\/en\/wp-json\/wp\/v2\/pages\/920#wpcf7-f1540-o1\" method=\"post\" class=\"wpcf7-form init wpcf7-acceptance-as-validation\" aria-label=\"Kontaktformular\" novalidate=\"novalidate\" data-status=\"init\">\n<fieldset class=\"hidden-fields-container\"><input type=\"hidden\" name=\"_wpcf7\" value=\"1540\" \/><input type=\"hidden\" name=\"_wpcf7_version\" value=\"6.1.5\" \/><input type=\"hidden\" name=\"_wpcf7_locale\" value=\"de_DE\" \/><input type=\"hidden\" name=\"_wpcf7_unit_tag\" value=\"wpcf7-f1540-o1\" \/><input type=\"hidden\" name=\"_wpcf7_container_post\" value=\"0\" \/><input type=\"hidden\" name=\"_wpcf7_posted_data_hash\" value=\"\" \/>\n<\/fieldset>\n<h4>REQUEST A CONSULTATION NOW\n<\/h4>\n<p class=\"person\">Our expert Nino Cafaro will get back to you as soon as possible.\n<\/p>\n<div class=\"wps-form\">\n\t<div class=\"wps-form-row\">\n\t\t<div class=\"wps-form-column kuerzer\">\n\t\t\t<p><label>Salutation*<\/label><span class=\"wpcf7-form-control-wrap\" data-name=\"menu-628\"><select class=\"wpcf7-form-control wpcf7-select wpcf7-validates-as-required\" aria-required=\"true\" aria-invalid=\"false\" name=\"menu-628\"><option value=\"\">Please select<\/option><option value=\"Mrs.\">Mrs.<\/option><option value=\"Mr.\">Mr.<\/option><option value=\"Divers\">Divers<\/option><\/select><\/span>\n\t\t\t<\/p>\n\t\t<\/div>\n\t\t<div class=\"wps-form-column\">\n\t\t\t<p><label>Your Name*<\/label><span class=\"wpcf7-form-control-wrap\" data-name=\"kundenname\"><input size=\"40\" maxlength=\"400\" class=\"wpcf7-form-control wpcf7-text wpcf7-validates-as-required\" aria-required=\"true\" aria-invalid=\"false\" placeholder=\"Max Mustermann\" value=\"\" type=\"text\" name=\"kundenname\" \/><\/span>\n\t\t\t<\/p>\n\t\t<\/div>\n\t<\/div>\n\t<div class=\"wps-form-row\">\n\t\t<div class=\"wps-form-column kuerzer\">\n\t\t\t<p><label>Your E-Mail*<\/label><span class=\"wpcf7-form-control-wrap\" data-name=\"your-email\"><input size=\"40\" maxlength=\"400\" class=\"wpcf7-form-control wpcf7-email wpcf7-validates-as-required wpcf7-text wpcf7-validates-as-email\" aria-required=\"true\" aria-invalid=\"false\" placeholder=\"mustermann@gmail.com\" value=\"\" type=\"email\" name=\"your-email\" \/><\/span>\n\t\t\t<\/p>\n\t\t<\/div>\n\t\t<div class=\"wps-form-column\">\n\t\t\t<p><label>Your Phonenumber<\/label><span class=\"wpcf7-form-control-wrap\" data-name=\"telefonnummer\"><input size=\"40\" maxlength=\"400\" class=\"wpcf7-form-control wpcf7-tel wpcf7-text wpcf7-validates-as-tel\" aria-invalid=\"false\" placeholder=\"0212 123456\" value=\"\" type=\"tel\" name=\"telefonnummer\" \/><\/span>\n\t\t\t<\/p>\n\t\t<\/div>\n\t<\/div>\n\t<div class=\"wps-form-row\">\n\t\t<div class=\"wps-form-column\">\n\t\t\t<p><label>Product lines*<\/label><span class=\"wpcf7-form-control-wrap\" data-name=\"menu-800\"><select class=\"wpcf7-form-control wpcf7-select wpcf7-validates-as-required\" aria-required=\"true\" aria-invalid=\"false\" name=\"menu-800\"><option value=\"\">Select a product series<\/option><option value=\"Standard Series\">Standard Series<\/option><option value=\"Steckerlserie\">Steckerlserie<\/option><option value=\"Create your own Series\">Create your own Series<\/option><\/select><\/span>\n\t\t\t<\/p>\n\t\t<\/div>\n\t<\/div>\n\t<div class=\"wps-form-row\">\n\t\t<div class=\"wps-form-column\">\n\t\t\t<p><label>Your request<\/label><span class=\"wpcf7-form-control-wrap\" data-name=\"textarea-830\"><textarea cols=\"40\" rows=\"10\" maxlength=\"2000\" class=\"wpcf7-form-control wpcf7-textarea\" aria-invalid=\"false\" placeholder=\"Your request in detail ...\" name=\"textarea-830\"><\/textarea><\/span>\n\t\t\t<\/p>\n\t\t<\/div>\n\t<\/div>\n\t<div class=\"wps-form-row\">\n\t\t<div class=\"wps-form-column\">\n\t\t\t<p><span class=\"wpcf7-form-control-wrap\" data-name=\"acceptance-52\"><span class=\"wpcf7-form-control wpcf7-acceptance\"><span class=\"wpcf7-list-item\"><label><input type=\"checkbox\" name=\"acceptance-52\" value=\"1\" aria-invalid=\"false\" \/><span class=\"wpcf7-list-item-label\">I have read the <a target=\"_blank\" href=\"\/en\/datenschutzerklaerung\/\" title=\"Datenschutzerkl\u00e4rung \">Privacy Policy<\/a>.<\/span><\/label><\/span><\/span><\/span>\n\t\t\t<\/p>\n\t\t\t<p class=\"rechtstext\">All fields marked with an (*) are mandatory.\n\t\t\t<\/p>\n\t\t\t<p><span id=\"wpcf7-69fb3c1b4e8bd-wrapper\" class=\"wpcf7-form-control-wrap kirschner-und-sohn-wrap\" style=\"display:none !important; visibility:hidden !important;\"><label for=\"wpcf7-69fb3c1b4e8bd-field\" class=\"hp-message\">Bitte lasse dieses Feld leer.<\/label><input id=\"wpcf7-69fb3c1b4e8bd-field\"  class=\"wpcf7-form-control wpcf7-text\" type=\"text\" name=\"kirschner-und-sohn\" value=\"\" size=\"40\" tabindex=\"-1\" autocomplete=\"new-password\" \/><\/span><input class=\"wpcf7-form-control wpcf7-submit has-spinner\" type=\"submit\" value=\"Send request\" \/>\n\t\t\t<\/p>\n\t\t<\/div>\n\t<\/div>\n<\/div><div class=\"wpcf7-response-output\" aria-hidden=\"true\"><\/div>\n<\/form>\n<\/div>\n[\/et_pb_code][\/et_pb_column][\/et_pb_row][\/et_pb_section]<\/p>\n","protected":false},"excerpt":{"rendered":"<p>Verf\u00fcgbare RohlingeStandard series The standard series range has more than 20 models. The smallest knife in this series is the so-called paring knife, the largest is the chef&#8217;s knife with a blade length of 32 cm. We are also happy to supply the handle shells and corresponding drill and step rivets for all available handle [&hellip;]<\/p>\n","protected":false},"author":1,"featured_media":1594,"parent":0,"menu_order":0,"comment_status":"closed","ping_status":"closed","template":"unterseite.php","meta":{"_acf_changed":false,"_et_pb_use_builder":"on","_et_pb_old_content":"[et_pb_section fb_built=\"1\" module_class=\"ds-section bild-text-unterseite\" _builder_version=\"4.10.4\" _module_preset=\"default\" global_colors_info=\"{}\"][et_pb_row column_structure=\"1_2,1_2\" _builder_version=\"4.10.4\" _module_preset=\"default\" global_colors_info=\"{}\"][et_pb_column type=\"1_2\" _builder_version=\"4.10.4\" _module_preset=\"default\" global_colors_info=\"{}\"][et_pb_text _builder_version=\"4.10.4\" _module_preset=\"default\" global_colors_info=\"{}\"]<h3>Lorem ipsum dolor<\/h3>\r\nLorem ipsum dolor sit amet, consetetur sadipscing elitr, sed diam nonumy eirmod tempor invidunt ut labore et dolore magna aliquyam erat, sed diam voluptua. At vero eos et accusam et justo duo dolores et ea rebum. Stet clita kasd gubergren, no sea takimata sanctus est Lorem ipsum dolor sit amet. Lorem ipsum dolor sit amet, consetetur sadipscing elitr.\r\nAt vero eos et accusam et justo duo dolores et ea rebum. Stet clita kasd gubergren, no sea takimata sanctus est Lorem ipsum dolor sit amet. Lorem ipsum dolor sit amet, consetetur sadipscing elitr.[\/et_pb_text][\/et_pb_column][et_pb_column type=\"1_2\" _builder_version=\"4.10.4\" _module_preset=\"default\" global_colors_info=\"{}\"][et_pb_image src=\"https:\/\/www.juliuskirschner.de\/wp-content\/uploads\/2021\/10\/vater-sohn_becher.jpg\" title_text=\"vater-sohn_becher\" module_class=\"frontimage\" _builder_version=\"4.10.4\" _module_preset=\"default\" global_colors_info=\"{}\"][\/et_pb_image][\/et_pb_column][\/et_pb_row][\/et_pb_section][et_pb_section fb_built=\"1\" module_class=\"ds-section blue\" _builder_version=\"4.10.4\" _module_preset=\"default\" hover_enabled=\"0\" global_colors_info=\"{}\" sticky_enabled=\"0\"][et_pb_row module_class=\"ueberschrift\" _builder_version=\"4.10.4\" _module_preset=\"default\" global_colors_info=\"{}\"][et_pb_column type=\"4_4\" _builder_version=\"4.10.4\" _module_preset=\"default\" global_colors_info=\"{}\"][et_pb_text _builder_version=\"4.10.4\" _module_preset=\"default\" global_colors_info=\"{}\"]<h2>Verf\u00fcgbare Rohlinge<\/h2>[\/et_pb_text][\/et_pb_column][\/et_pb_row][et_pb_row column_structure=\"1_3,1_3,1_3\" _builder_version=\"4.10.4\" _module_preset=\"default\" hover_enabled=\"0\" global_colors_info=\"{}\" module_class=\"produkte\" sticky_enabled=\"0\"][et_pb_column type=\"1_3\" _builder_version=\"4.10.4\" _module_preset=\"default\" global_colors_info=\"{}\"][et_pb_text admin_label=\"Standardserie\" module_class=\"wert-eins\" _builder_version=\"4.10.4\" _module_preset=\"default\" global_colors_info=\"{}\"]<h3>Standardserie<\/h3>\r\nDas Sortiment der Standardserie verf\u00fcgt \u00fcber mehr als 20 Modelle. Das kleinste Messer dieser Serie ist das sogenannte Sch\u00e4lmesser, dass gr\u00f6\u00dfte ist das Kochmesser mit einer Klingenl\u00e4nge von 32cm. Gerne liefern wir auch die Griffschalen und entsprechende Bohr- und Stieftnieten zu allen verf\u00fcgbaren Griffgr\u00f6\u00dfen\r\n\r\n<a href=\"\">Jetzt kostenlos anfragen<\/a>[\/et_pb_text][\/et_pb_column][et_pb_column type=\"1_3\" _builder_version=\"4.10.4\" _module_preset=\"default\" global_colors_info=\"{}\"][et_pb_text admin_label=\"Steckerlserie\" module_class=\"wert-zwei\" _builder_version=\"4.10.4\" _module_preset=\"default\" global_colors_info=\"{}\"]<h3>Steckerlserie<\/h3>\r\nWie die Standardserie verf\u00fcgt auch die Steckerserie \u00fcber viele verschiedene Modelle. Auch hier k\u00f6nnen wir Ihnen die passenden Griffe in Kunststoff anbieten.Wenn Sie lieber Holzgriffe montieren m\u00f6chten, ist auch dies m\u00f6glich.\r\n\r\n<a href=\"\">Jetzt kostenlos anfragen<\/a>[\/et_pb_text][\/et_pb_column][et_pb_column type=\"1_3\" _builder_version=\"4.10.4\" _module_preset=\"default\" global_colors_info=\"{}\"][et_pb_text admin_label=\"Eigene Serie erstellen\" module_class=\"wert-drei\" _builder_version=\"4.10.4\" _module_preset=\"default\" global_colors_info=\"{}\"]<h3>Eigene Serie erstellen<\/h3>\r\nSie wollen eine eigene Messerserie nach Ihren Vorstellungen erstellen? Sie haben die Idee und wir werden diese umsetzen. Ob eine kleine Skizze oder schon verf\u00fcgbare Zeichnungen wir k\u00f6nnen diese Informationen in CAD und CAM umsetzen.\r\n\r\n<a href=\"\">Jetzt kostenlos anfragen<\/a>[\/et_pb_text][\/et_pb_column][\/et_pb_row][\/et_pb_section][et_pb_section fb_built=\"1\" admin_label=\"Kontakt\" module_id=\"kontakt-sektion\" _builder_version=\"4.10.4\" _module_preset=\"default\" global_colors_info=\"{}\"][et_pb_row column_structure=\"1_2,1_2\" module_class=\"formular-row\" _builder_version=\"4.10.4\" _module_preset=\"default\" global_colors_info=\"{}\"][et_pb_column type=\"1_2\" _builder_version=\"4.10.4\" _module_preset=\"default\" global_colors_info=\"{}\"][et_pb_text _builder_version=\"4.10.4\" _module_preset=\"default\" global_colors_info=\"{}\"]<h3>Unverbindliche Beratung<\/h3>\r\nKontaktieren Sie uns telefonisch oder per Mail. Wir freuen uns auf Ihre Anfrage!\r\n<a href=\"tel:+49(0)212 \/ 248128-0\" class=\"phone\">+49(0)212 \/ 248128-0<\/a><a href=\"mailto:info@juliuskirschner.de\" class=\"kontakt\">info@juliuskirschner.de<\/a><a href=\"https:\/\/goo.gl\/maps\/iwpdik1JA9hLzMWn6\" target=\"_blank\" class=\"location\" rel=\"noopener\">L\u00fcneschlo\u00dfstra\u00dfe 87, 42657 Solingen<\/a>\r\nTelefax: +49(0)212 \/ 248128-0[\/et_pb_text][\/et_pb_column][et_pb_column type=\"1_2\" _builder_version=\"4.10.4\" _module_preset=\"default\" global_colors_info=\"{}\"][et_pb_code module_class=\"form1\" _builder_version=\"4.10.4\" _module_preset=\"default\" global_colors_info=\"{}\"][contact-form-7 id=\"14\" title=\"Kontaktformular 1\"][\/et_pb_code][\/et_pb_column][\/et_pb_row][\/et_pb_section]","_et_gb_content_width":"","footnotes":""},"class_list":["post-920","page","type-page","status-publish","has-post-thumbnail","hentry"],"acf":[],"yoast_head":"<!-- This site is optimized with the Yoast SEO plugin v27.4 - https:\/\/yoast.com\/product\/yoast-seo-wordpress\/ -->\n<title>Produkte - Julius Kirschner &amp; Sohn<\/title>\n<meta name=\"description\" content=\"In addition to the STANDARD SERIES and the PLUG SERIES, our range of products also includes our OWN SERIES. Here you can then create your own knife series.\" \/>\n<meta name=\"robots\" content=\"index, follow, max-snippet:-1, max-image-preview:large, max-video-preview:-1\" \/>\n<link rel=\"canonical\" href=\"https:\/\/www.juliuskirschner.de\/en\/produkte\/\" \/>\n<meta property=\"og:locale\" content=\"en_US\" \/>\n<meta property=\"og:type\" content=\"article\" \/>\n<meta property=\"og:title\" content=\"Produkte - Julius Kirschner &amp; Sohn\" \/>\n<meta property=\"og:description\" content=\"In addition to the STANDARD SERIES and the PLUG SERIES, our range of products also includes our OWN SERIES. Here you can then create your own knife series.\" \/>\n<meta property=\"og:url\" content=\"https:\/\/www.juliuskirschner.de\/en\/produkte\/\" \/>\n<meta property=\"og:site_name\" content=\"Julius Kirschner &amp; Sohn\" \/>\n<meta property=\"article:modified_time\" content=\"2022-07-05T12:43:24+00:00\" \/>\n<meta property=\"og:image\" content=\"https:\/\/www.juliuskirschner.de\/wp-content\/uploads\/2022\/07\/produkte-julius-kirschner-und-sohn.jpg\" \/>\n\t<meta property=\"og:image:width\" content=\"1600\" \/>\n\t<meta property=\"og:image:height\" content=\"1067\" \/>\n\t<meta property=\"og:image:type\" content=\"image\/jpeg\" \/>\n<meta name=\"twitter:card\" content=\"summary_large_image\" \/>\n<meta name=\"twitter:label1\" content=\"Est. reading time\" \/>\n\t<meta name=\"twitter:data1\" content=\"2 minutes\" \/>\n<script type=\"application\/ld+json\" class=\"yoast-schema-graph\">{\"@context\":\"https:\\\/\\\/schema.org\",\"@graph\":[{\"@type\":\"WebPage\",\"@id\":\"https:\\\/\\\/www.juliuskirschner.de\\\/en\\\/produkte\\\/\",\"url\":\"https:\\\/\\\/www.juliuskirschner.de\\\/en\\\/produkte\\\/\",\"name\":\"Produkte - Julius Kirschner &amp; Sohn\",\"isPartOf\":{\"@id\":\"https:\\\/\\\/www.juliuskirschner.de\\\/#website\"},\"primaryImageOfPage\":{\"@id\":\"https:\\\/\\\/www.juliuskirschner.de\\\/en\\\/produkte\\\/#primaryimage\"},\"image\":{\"@id\":\"https:\\\/\\\/www.juliuskirschner.de\\\/en\\\/produkte\\\/#primaryimage\"},\"thumbnailUrl\":\"https:\\\/\\\/www.juliuskirschner.de\\\/wp-content\\\/uploads\\\/2022\\\/07\\\/produkte-julius-kirschner-und-sohn.jpg\",\"datePublished\":\"2022-05-19T11:29:30+00:00\",\"dateModified\":\"2022-07-05T12:43:24+00:00\",\"description\":\"In addition to the STANDARD SERIES and the PLUG SERIES, our range of products also includes our OWN SERIES. Here you can then create your own knife series.\",\"breadcrumb\":{\"@id\":\"https:\\\/\\\/www.juliuskirschner.de\\\/en\\\/produkte\\\/#breadcrumb\"},\"inLanguage\":\"en-US\",\"potentialAction\":[{\"@type\":\"ReadAction\",\"target\":[\"https:\\\/\\\/www.juliuskirschner.de\\\/en\\\/produkte\\\/\"]}]},{\"@type\":\"ImageObject\",\"inLanguage\":\"en-US\",\"@id\":\"https:\\\/\\\/www.juliuskirschner.de\\\/en\\\/produkte\\\/#primaryimage\",\"url\":\"https:\\\/\\\/www.juliuskirschner.de\\\/wp-content\\\/uploads\\\/2022\\\/07\\\/produkte-julius-kirschner-und-sohn.jpg\",\"contentUrl\":\"https:\\\/\\\/www.juliuskirschner.de\\\/wp-content\\\/uploads\\\/2022\\\/07\\\/produkte-julius-kirschner-und-sohn.jpg\",\"width\":1600,\"height\":1067},{\"@type\":\"BreadcrumbList\",\"@id\":\"https:\\\/\\\/www.juliuskirschner.de\\\/en\\\/produkte\\\/#breadcrumb\",\"itemListElement\":[{\"@type\":\"ListItem\",\"position\":1,\"name\":\"Startseite\",\"item\":\"https:\\\/\\\/www.juliuskirschner.de\\\/en\\\/\"},{\"@type\":\"ListItem\",\"position\":2,\"name\":\"Produkte\"}]},{\"@type\":\"WebSite\",\"@id\":\"https:\\\/\\\/www.juliuskirschner.de\\\/#website\",\"url\":\"https:\\\/\\\/www.juliuskirschner.de\\\/\",\"name\":\"Julius Kirschner &amp; Sohn\",\"description\":\"\u00dcber 100 Jahre Schmiedepartnerschaft aus Solingen. Julius Kirschner &amp; Sohn ist Hersteller der Schneidwarenindustrie. Das Programm umfasst die Herstellung von geschmiedeten Profi- und K\u00fcchenmesser.\",\"potentialAction\":[{\"@type\":\"SearchAction\",\"target\":{\"@type\":\"EntryPoint\",\"urlTemplate\":\"https:\\\/\\\/www.juliuskirschner.de\\\/?s={search_term_string}\"},\"query-input\":{\"@type\":\"PropertyValueSpecification\",\"valueRequired\":true,\"valueName\":\"search_term_string\"}}],\"inLanguage\":\"en-US\"}]}<\/script>\n<!-- \/ Yoast SEO plugin. -->","yoast_head_json":{"title":"Produkte - Julius Kirschner &amp; Sohn","description":"In addition to the STANDARD SERIES and the PLUG SERIES, our range of products also includes our OWN SERIES. Here you can then create your own knife series.","robots":{"index":"index","follow":"follow","max-snippet":"max-snippet:-1","max-image-preview":"max-image-preview:large","max-video-preview":"max-video-preview:-1"},"canonical":"https:\/\/www.juliuskirschner.de\/en\/produkte\/","og_locale":"en_US","og_type":"article","og_title":"Produkte - Julius Kirschner &amp; Sohn","og_description":"In addition to the STANDARD SERIES and the PLUG SERIES, our range of products also includes our OWN SERIES. Here you can then create your own knife series.","og_url":"https:\/\/www.juliuskirschner.de\/en\/produkte\/","og_site_name":"Julius Kirschner &amp; Sohn","article_modified_time":"2022-07-05T12:43:24+00:00","og_image":[{"width":1600,"height":1067,"url":"https:\/\/www.juliuskirschner.de\/wp-content\/uploads\/2022\/07\/produkte-julius-kirschner-und-sohn.jpg","type":"image\/jpeg"}],"twitter_card":"summary_large_image","twitter_misc":{"Est. reading time":"2 minutes"},"schema":{"@context":"https:\/\/schema.org","@graph":[{"@type":"WebPage","@id":"https:\/\/www.juliuskirschner.de\/en\/produkte\/","url":"https:\/\/www.juliuskirschner.de\/en\/produkte\/","name":"Produkte - Julius Kirschner &amp; Sohn","isPartOf":{"@id":"https:\/\/www.juliuskirschner.de\/#website"},"primaryImageOfPage":{"@id":"https:\/\/www.juliuskirschner.de\/en\/produkte\/#primaryimage"},"image":{"@id":"https:\/\/www.juliuskirschner.de\/en\/produkte\/#primaryimage"},"thumbnailUrl":"https:\/\/www.juliuskirschner.de\/wp-content\/uploads\/2022\/07\/produkte-julius-kirschner-und-sohn.jpg","datePublished":"2022-05-19T11:29:30+00:00","dateModified":"2022-07-05T12:43:24+00:00","description":"In addition to the STANDARD SERIES and the PLUG SERIES, our range of products also includes our OWN SERIES. Here you can then create your own knife series.","breadcrumb":{"@id":"https:\/\/www.juliuskirschner.de\/en\/produkte\/#breadcrumb"},"inLanguage":"en-US","potentialAction":[{"@type":"ReadAction","target":["https:\/\/www.juliuskirschner.de\/en\/produkte\/"]}]},{"@type":"ImageObject","inLanguage":"en-US","@id":"https:\/\/www.juliuskirschner.de\/en\/produkte\/#primaryimage","url":"https:\/\/www.juliuskirschner.de\/wp-content\/uploads\/2022\/07\/produkte-julius-kirschner-und-sohn.jpg","contentUrl":"https:\/\/www.juliuskirschner.de\/wp-content\/uploads\/2022\/07\/produkte-julius-kirschner-und-sohn.jpg","width":1600,"height":1067},{"@type":"BreadcrumbList","@id":"https:\/\/www.juliuskirschner.de\/en\/produkte\/#breadcrumb","itemListElement":[{"@type":"ListItem","position":1,"name":"Startseite","item":"https:\/\/www.juliuskirschner.de\/en\/"},{"@type":"ListItem","position":2,"name":"Produkte"}]},{"@type":"WebSite","@id":"https:\/\/www.juliuskirschner.de\/#website","url":"https:\/\/www.juliuskirschner.de\/","name":"Julius Kirschner &amp; Sohn","description":"\u00dcber 100 Jahre Schmiedepartnerschaft aus Solingen. Julius Kirschner &amp; Sohn ist Hersteller der Schneidwarenindustrie. Das Programm umfasst die Herstellung von geschmiedeten Profi- und K\u00fcchenmesser.","potentialAction":[{"@type":"SearchAction","target":{"@type":"EntryPoint","urlTemplate":"https:\/\/www.juliuskirschner.de\/?s={search_term_string}"},"query-input":{"@type":"PropertyValueSpecification","valueRequired":true,"valueName":"search_term_string"}}],"inLanguage":"en-US"}]}},"_links":{"self":[{"href":"https:\/\/www.juliuskirschner.de\/en\/wp-json\/wp\/v2\/pages\/920","targetHints":{"allow":["GET"]}}],"collection":[{"href":"https:\/\/www.juliuskirschner.de\/en\/wp-json\/wp\/v2\/pages"}],"about":[{"href":"https:\/\/www.juliuskirschner.de\/en\/wp-json\/wp\/v2\/types\/page"}],"author":[{"embeddable":true,"href":"https:\/\/www.juliuskirschner.de\/en\/wp-json\/wp\/v2\/users\/1"}],"replies":[{"embeddable":true,"href":"https:\/\/www.juliuskirschner.de\/en\/wp-json\/wp\/v2\/comments?post=920"}],"version-history":[{"count":7,"href":"https:\/\/www.juliuskirschner.de\/en\/wp-json\/wp\/v2\/pages\/920\/revisions"}],"predecessor-version":[{"id":1654,"href":"https:\/\/www.juliuskirschner.de\/en\/wp-json\/wp\/v2\/pages\/920\/revisions\/1654"}],"wp:featuredmedia":[{"embeddable":true,"href":"https:\/\/www.juliuskirschner.de\/en\/wp-json\/wp\/v2\/media\/1594"}],"wp:attachment":[{"href":"https:\/\/www.juliuskirschner.de\/en\/wp-json\/wp\/v2\/media?parent=920"}],"curies":[{"name":"wp","href":"https:\/\/api.w.org\/{rel}","templated":true}]}}