{"id":886,"date":"2021-11-03T10:56:18","date_gmt":"2021-11-03T09:56:18","guid":{"rendered":"https:\/\/kirschner-und-sohn-2021-09-03.aw003.de\/?page_id=886"},"modified":"2022-07-04T15:29:53","modified_gmt":"2022-07-04T13:29:53","slug":"impressum","status":"publish","type":"page","link":"https:\/\/www.juliuskirschner.de\/en\/impressum\/","title":{"rendered":"Impressum"},"content":{"rendered":"<p>[et_pb_section fb_built=&#8221;1&#8243; _builder_version=&#8221;4.16&#8243; _module_preset=&#8221;default&#8221; global_colors_info=&#8221;{}&#8221;][et_pb_row _builder_version=&#8221;4.16&#8243; _module_preset=&#8221;default&#8221; global_colors_info=&#8221;{}&#8221;][et_pb_column type=&#8221;4_4&#8243; _builder_version=&#8221;4.16&#8243; _module_preset=&#8221;default&#8221; global_colors_info=&#8221;{}&#8221;][et_pb_text _builder_version=&#8221;4.17.4&#8243; _module_preset=&#8221;default&#8221; global_colors_info=&#8221;{}&#8221;]<\/p>\n<h1>Site Notice<\/h1>\n<h2>Information pursuant to Sect. 5 German Telemedia Act (TMG)<\/h2>\n<p>Julius Kirschner &#038; Sohn GmbH &#038; Co. KG<br \/>\nL\u00fcneschlo\u00dfstra\u00dfe 87<br \/>\n42657 Solingen<\/p>\n<p>Commercial Register: HRA 19572<br \/>\nRegistration court: Wuppertal<\/p>\n<p><strong>Represented by:<\/strong><br \/>\nGustav Diederichs GmbH<\/p>\n<p>That one represented by:<br \/>\nThilo Hubertus M\u00f6ller<\/p>\n<p>Commercial Register: HRB 14788<br \/>\nRegistering court: Amtsgericht Wuppertal<\/p>\n<h2>Contact<\/h2>\n<p>Phone: +49 (0)212 \/ 248 128 \u2013 0<br \/>\nTelefax: +49 (0)212 \/ 248 128 \u2013 21<br \/>\nE-mail: <span class=\"mail-cloak-email\" data-email-method=\"matrix\" data-email-value=\"lqir#mxolxvnluvfkqhu.gh\" data-email-default-character=\"*\" data-email-time=\"true\" data-email-delay=\"1\" data-placeholder=\"***********************\">***********************<\/span><\/p>\n<h2>VAT ID<\/h2>\n<p>Sales tax identification number according to Sect. 27 a of the Sales Tax Law:<br \/>\nDE 120876900<\/p>\n<h2>Dispute resolution proceedings in front of a consumer arbitration board<\/h2>\n<p>We are not willing or obliged to participate in dispute resolution proceedings in front of a consumer arbitration board.<\/p>\n<p>[\/et_pb_text][\/et_pb_column][\/et_pb_row][\/et_pb_section]<\/p>\n","protected":false},"excerpt":{"rendered":"<p>Site Notice Information pursuant to Sect. 5 German Telemedia Act (TMG) Julius Kirschner &#038; Sohn GmbH &#038; Co. KG L\u00fcneschlo\u00dfstra\u00dfe 87 42657 Solingen Commercial Register: HRA 19572 Registration court: Wuppertal Represented by: Gustav Diederichs GmbH That one represented by: Thilo Hubertus M\u00f6ller Commercial Register: HRB 14788 Registering court: Amtsgericht Wuppertal Contact Phone: +49 (0)212 \/ [&hellip;]<\/p>\n","protected":false},"author":1,"featured_media":0,"parent":0,"menu_order":0,"comment_status":"closed","ping_status":"closed","template":"","meta":{"_acf_changed":false,"_et_pb_use_builder":"on","_et_pb_old_content":"[et_pb_section fb_built=\"1\" _builder_version=\"4.10.4\" _module_preset=\"default\" global_colors_info=\"{}\"][et_pb_row _builder_version=\"4.10.4\" _module_preset=\"default\" global_colors_info=\"{}\"][et_pb_column type=\"4_4\" _builder_version=\"4.10.4\" _module_preset=\"default\" global_colors_info=\"{}\"][et_pb_text _builder_version=\"4.10.4\" _module_preset=\"default\" hover_enabled=\"0\" global_colors_info=\"{}\" sticky_enabled=\"0\"]<h1>Impressum<\/h1>\r\n\r\n<h2>Angaben gem\u00e4\u00df \u00a7 5 TMG<\/h2>\r\n<p>Julius Kirschner & Sohn GmbH & Co. KG<br \/>\r\nL\u00fcneschlo\u00dfstra\u00dfe 87<br \/>\r\n42657 Solingen<\/p>\r\n\r\n<p>Handelsregister: HRA 19572<br \/>\r\nRegistergericht: Wuppertal<\/p>\r\n\r\n<p><strong>Vertreten durch:<\/strong><br \/>\r\nGustav Diederichs GmbH<\/p>\r\n\r\n<p>Diese vertreten durch:<br \/>\r\nNorbert Grobosch<\/p>\r\n\r\n<p>Handelsregister: HRB 14788<br \/>\r\nRegistergericht: Amtsgericht Wuppertal<\/p>\r\n\r\n<h2>Kontakt<\/h2>\r\n<p>Telefon: +49 (0)212 \/ 248 128 \u2013 0<br \/>\r\nTelefax: +49 (0)212 \/ 248 128 \u2013 21<br \/>\r\nE-Mail: info@juliuskirschner.de<\/p>\r\n\r\n<h2>Umsatzsteuer-ID<\/h2>\r\n<p>Umsatzsteuer-Identifikationsnummer gem\u00e4\u00df \u00a7 27 a Umsatzsteuergesetz:<br \/>\r\nDE 120876900<\/p>\r\n\r\n<h2>Verbraucher\u00adstreit\u00adbeilegung\/Universal\u00adschlichtungs\u00adstelle<\/h2>\r\n<p>Wir sind nicht bereit oder verpflichtet, an Streitbeilegungsverfahren vor einer Verbraucherschlichtungsstelle teilzunehmen.<\/p>[\/et_pb_text][\/et_pb_column][\/et_pb_row][\/et_pb_section]","_et_gb_content_width":"","footnotes":""},"class_list":["post-886","page","type-page","status-publish","hentry"],"acf":[],"yoast_head":"<!-- This site is optimized with the Yoast SEO plugin v27.4 - https:\/\/yoast.com\/product\/yoast-seo-wordpress\/ -->\n<title>Impressum - Julius Kirschner &amp; Sohn<\/title>\n<meta name=\"description\" content=\"All important information about the company Julius Kirschner and Son can be found here. Feel free to find out more about us.\" \/>\n<meta name=\"robots\" content=\"index, follow, max-snippet:-1, max-image-preview:large, max-video-preview:-1\" \/>\n<link rel=\"canonical\" href=\"https:\/\/www.juliuskirschner.de\/en\/impressum\/\" \/>\n<meta property=\"og:locale\" content=\"en_US\" \/>\n<meta property=\"og:type\" content=\"article\" \/>\n<meta property=\"og:title\" content=\"Impressum - Julius Kirschner &amp; Sohn\" \/>\n<meta property=\"og:description\" content=\"All important information about the company Julius Kirschner and Son can be found here. Feel free to find out more about us.\" \/>\n<meta property=\"og:url\" content=\"https:\/\/www.juliuskirschner.de\/en\/impressum\/\" \/>\n<meta property=\"og:site_name\" content=\"Julius Kirschner &amp; Sohn\" \/>\n<meta property=\"article:modified_time\" content=\"2022-07-04T13:29:53+00:00\" \/>\n<meta name=\"twitter:card\" content=\"summary_large_image\" \/>\n<meta name=\"twitter:label1\" content=\"Est. reading time\" \/>\n\t<meta name=\"twitter:data1\" content=\"1 minute\" \/>\n<script type=\"application\/ld+json\" class=\"yoast-schema-graph\">{\"@context\":\"https:\\\/\\\/schema.org\",\"@graph\":[{\"@type\":\"WebPage\",\"@id\":\"https:\\\/\\\/www.juliuskirschner.de\\\/en\\\/impressum\\\/\",\"url\":\"https:\\\/\\\/www.juliuskirschner.de\\\/en\\\/impressum\\\/\",\"name\":\"Impressum - Julius Kirschner &amp; Sohn\",\"isPartOf\":{\"@id\":\"https:\\\/\\\/www.juliuskirschner.de\\\/#website\"},\"datePublished\":\"2021-11-03T09:56:18+00:00\",\"dateModified\":\"2022-07-04T13:29:53+00:00\",\"description\":\"All important information about the company Julius Kirschner and Son can be found here. Feel free to find out more about us.\",\"breadcrumb\":{\"@id\":\"https:\\\/\\\/www.juliuskirschner.de\\\/en\\\/impressum\\\/#breadcrumb\"},\"inLanguage\":\"en-US\",\"potentialAction\":[{\"@type\":\"ReadAction\",\"target\":[\"https:\\\/\\\/www.juliuskirschner.de\\\/en\\\/impressum\\\/\"]}]},{\"@type\":\"BreadcrumbList\",\"@id\":\"https:\\\/\\\/www.juliuskirschner.de\\\/en\\\/impressum\\\/#breadcrumb\",\"itemListElement\":[{\"@type\":\"ListItem\",\"position\":1,\"name\":\"Startseite\",\"item\":\"https:\\\/\\\/www.juliuskirschner.de\\\/en\\\/\"},{\"@type\":\"ListItem\",\"position\":2,\"name\":\"Impressum\"}]},{\"@type\":\"WebSite\",\"@id\":\"https:\\\/\\\/www.juliuskirschner.de\\\/#website\",\"url\":\"https:\\\/\\\/www.juliuskirschner.de\\\/\",\"name\":\"Julius Kirschner &amp; Sohn\",\"description\":\"\u00dcber 100 Jahre Schmiedepartnerschaft aus Solingen. Julius Kirschner &amp; Sohn ist Hersteller der Schneidwarenindustrie. Das Programm umfasst die Herstellung von geschmiedeten Profi- und K\u00fcchenmesser.\",\"potentialAction\":[{\"@type\":\"SearchAction\",\"target\":{\"@type\":\"EntryPoint\",\"urlTemplate\":\"https:\\\/\\\/www.juliuskirschner.de\\\/?s={search_term_string}\"},\"query-input\":{\"@type\":\"PropertyValueSpecification\",\"valueRequired\":true,\"valueName\":\"search_term_string\"}}],\"inLanguage\":\"en-US\"}]}<\/script>\n<!-- \/ Yoast SEO plugin. -->","yoast_head_json":{"title":"Impressum - Julius Kirschner &amp; Sohn","description":"All important information about the company Julius Kirschner and Son can be found here. Feel free to find out more about us.","robots":{"index":"index","follow":"follow","max-snippet":"max-snippet:-1","max-image-preview":"max-image-preview:large","max-video-preview":"max-video-preview:-1"},"canonical":"https:\/\/www.juliuskirschner.de\/en\/impressum\/","og_locale":"en_US","og_type":"article","og_title":"Impressum - Julius Kirschner &amp; Sohn","og_description":"All important information about the company Julius Kirschner and Son can be found here. Feel free to find out more about us.","og_url":"https:\/\/www.juliuskirschner.de\/en\/impressum\/","og_site_name":"Julius Kirschner &amp; Sohn","article_modified_time":"2022-07-04T13:29:53+00:00","twitter_card":"summary_large_image","twitter_misc":{"Est. reading time":"1 minute"},"schema":{"@context":"https:\/\/schema.org","@graph":[{"@type":"WebPage","@id":"https:\/\/www.juliuskirschner.de\/en\/impressum\/","url":"https:\/\/www.juliuskirschner.de\/en\/impressum\/","name":"Impressum - Julius Kirschner &amp; Sohn","isPartOf":{"@id":"https:\/\/www.juliuskirschner.de\/#website"},"datePublished":"2021-11-03T09:56:18+00:00","dateModified":"2022-07-04T13:29:53+00:00","description":"All important information about the company Julius Kirschner and Son can be found here. Feel free to find out more about us.","breadcrumb":{"@id":"https:\/\/www.juliuskirschner.de\/en\/impressum\/#breadcrumb"},"inLanguage":"en-US","potentialAction":[{"@type":"ReadAction","target":["https:\/\/www.juliuskirschner.de\/en\/impressum\/"]}]},{"@type":"BreadcrumbList","@id":"https:\/\/www.juliuskirschner.de\/en\/impressum\/#breadcrumb","itemListElement":[{"@type":"ListItem","position":1,"name":"Startseite","item":"https:\/\/www.juliuskirschner.de\/en\/"},{"@type":"ListItem","position":2,"name":"Impressum"}]},{"@type":"WebSite","@id":"https:\/\/www.juliuskirschner.de\/#website","url":"https:\/\/www.juliuskirschner.de\/","name":"Julius Kirschner &amp; Sohn","description":"\u00dcber 100 Jahre Schmiedepartnerschaft aus Solingen. Julius Kirschner &amp; Sohn ist Hersteller der Schneidwarenindustrie. Das Programm umfasst die Herstellung von geschmiedeten Profi- und K\u00fcchenmesser.","potentialAction":[{"@type":"SearchAction","target":{"@type":"EntryPoint","urlTemplate":"https:\/\/www.juliuskirschner.de\/?s={search_term_string}"},"query-input":{"@type":"PropertyValueSpecification","valueRequired":true,"valueName":"search_term_string"}}],"inLanguage":"en-US"}]}},"_links":{"self":[{"href":"https:\/\/www.juliuskirschner.de\/en\/wp-json\/wp\/v2\/pages\/886","targetHints":{"allow":["GET"]}}],"collection":[{"href":"https:\/\/www.juliuskirschner.de\/en\/wp-json\/wp\/v2\/pages"}],"about":[{"href":"https:\/\/www.juliuskirschner.de\/en\/wp-json\/wp\/v2\/types\/page"}],"author":[{"embeddable":true,"href":"https:\/\/www.juliuskirschner.de\/en\/wp-json\/wp\/v2\/users\/1"}],"replies":[{"embeddable":true,"href":"https:\/\/www.juliuskirschner.de\/en\/wp-json\/wp\/v2\/comments?post=886"}],"version-history":[{"count":5,"href":"https:\/\/www.juliuskirschner.de\/en\/wp-json\/wp\/v2\/pages\/886\/revisions"}],"predecessor-version":[{"id":1573,"href":"https:\/\/www.juliuskirschner.de\/en\/wp-json\/wp\/v2\/pages\/886\/revisions\/1573"}],"wp:attachment":[{"href":"https:\/\/www.juliuskirschner.de\/en\/wp-json\/wp\/v2\/media?parent=886"}],"curies":[{"name":"wp","href":"https:\/\/api.w.org\/{rel}","templated":true}]}}