{"id":1396,"date":"2022-06-14T16:50:18","date_gmt":"2022-06-14T14:50:18","guid":{"rendered":"https:\/\/kirschner-und-sohn-2021-09-03.aw003.de\/?page_id=1396"},"modified":"2022-07-05T11:47:23","modified_gmt":"2022-07-05T09:47:23","slug":"stanzen","status":"publish","type":"page","link":"https:\/\/www.juliuskirschner.de\/en\/stanzen\/","title":{"rendered":"Stanzen"},"content":{"rendered":"<p>[et_pb_section fb_built=&#8221;1&#8243; module_class=&#8221;ds-section bild-text-unterseite&#8221; _builder_version=&#8221;4.16&#8243; _module_preset=&#8221;default&#8221; global_colors_info=&#8221;{}&#8221;][et_pb_row column_structure=&#8221;1_2,1_2&#8243; _builder_version=&#8221;4.16&#8243; _module_preset=&#8221;default&#8221; global_colors_info=&#8221;{}&#8221;][et_pb_column type=&#8221;1_2&#8243; _builder_version=&#8221;4.16&#8243; _module_preset=&#8221;default&#8221; global_colors_info=&#8221;{}&#8221;][et_pb_text _builder_version=&#8221;4.17.4&#8243; _module_preset=&#8221;default&#8221; hover_enabled=&#8221;0&#8243; global_colors_info=&#8221;{}&#8221; sticky_enabled=&#8221;0&#8243;]<\/p>\n<h2>Pressing<\/h2>\n<p>Punching is a separating process.<br \/>\nA punching device consists of two tool parts &#8211; a holder for punches and a holder for dies.<br \/>\nWhen the punch engages in the die, the material is separated by a shear cut.<br \/>\nThis is how the desired blank is created, which has the shape of the punch of the die.[\/et_pb_text][\/et_pb_column][et_pb_column type=&#8221;1_2&#8243; _builder_version=&#8221;4.16&#8243; _module_preset=&#8221;default&#8221; global_colors_info=&#8221;{}&#8221;][et_pb_image src=&#8221;https:\/\/www.juliuskirschner.de\/wp-content\/uploads\/2021\/10\/entgraten.jpg&#8221; alt=&#8221;Stanzen Julius Kirschner &#038; Sohn&#8221; title_text=&#8221;Stanzen Julius Kirschner &#038; Sohn&#8221; module_class=&#8221;frontimage&#8221; _builder_version=&#8221;4.17.4&#8243; _module_preset=&#8221;default&#8221; hover_enabled=&#8221;0&#8243; global_colors_info=&#8221;{}&#8221; sticky_enabled=&#8221;0&#8243;][\/et_pb_image][\/et_pb_column][\/et_pb_row][\/et_pb_section][et_pb_section fb_built=&#8221;1&#8243; admin_label=&#8221;Kontakt&#8221; module_id=&#8221;kontakt-sektion&#8221; module_class=&#8221;ds-section blue&#8221; _builder_version=&#8221;4.16&#8243; _module_preset=&#8221;default&#8221; global_colors_info=&#8221;{}&#8221;][et_pb_row column_structure=&#8221;1_2,1_2&#8243; module_class=&#8221;formular-row&#8221; _builder_version=&#8221;4.16&#8243; _module_preset=&#8221;default&#8221; global_colors_info=&#8221;{}&#8221;][et_pb_column type=&#8221;1_2&#8243; _builder_version=&#8221;4.16&#8243; _module_preset=&#8221;default&#8221; global_colors_info=&#8221;{}&#8221;][et_pb_text _builder_version=&#8221;4.17.4&#8243; _module_preset=&#8221;default&#8221; hover_enabled=&#8221;0&#8243; global_colors_info=&#8221;{}&#8221; sticky_enabled=&#8221;0&#8243;]<\/p>\n<h3>NO-BINDING ADVICE<\/h3>\n<p>Contact us by phone or email. We look forward to your inquiry!<br \/>\n<a href=\"tel:+492122481280\" class=\"phone\">+49(0)212 \/ 248128-0<\/a><a    class=\"kontakt mail-cloak-email\" href=\"#\" data-email-method=\"matrix\" data-email-value=\"lqir#mxolxvnluvfkqhu.gh\" data-email-mailto=\"pdlowr:lqir#mxolxvnluvfkqhu.gh\" data-email-default-character=\"*\" data-email-time=\"true\" data-email-delay=\"1\">***********************<\/a><a href=\"https:\/\/goo.gl\/maps\/iwpdik1JA9hLzMWn6\" target=\"_blank\" class=\"location\" rel=\"noopener\">L\u00fcneschlo\u00dfstra\u00dfe 87, 42657 Solingen<\/a><br \/>\nTelefax: +49(0)212 \/ 248128-0[\/et_pb_text][\/et_pb_column][et_pb_column type=&#8221;1_2&#8243; _builder_version=&#8221;4.16&#8243; _module_preset=&#8221;default&#8221; global_colors_info=&#8221;{}&#8221;][et_pb_code module_class=&#8221;form1&#8243; _builder_version=&#8221;4.17.4&#8243; _module_preset=&#8221;default&#8221; global_colors_info=&#8221;{}&#8221;]\n<div class=\"wpcf7 no-js\" id=\"wpcf7-f1508-o1\" lang=\"de-DE\" dir=\"ltr\" data-wpcf7-id=\"1508\">\n<div class=\"screen-reader-response\"><p role=\"status\" aria-live=\"polite\" aria-atomic=\"true\"><\/p> <ul><\/ul><\/div>\n<form action=\"\/en\/wp-json\/wp\/v2\/pages\/1396#wpcf7-f1508-o1\" method=\"post\" class=\"wpcf7-form init wpcf7-acceptance-as-validation\" aria-label=\"Kontaktformular\" novalidate=\"novalidate\" data-status=\"init\">\n<fieldset class=\"hidden-fields-container\"><input type=\"hidden\" name=\"_wpcf7\" value=\"1508\" \/><input type=\"hidden\" name=\"_wpcf7_version\" value=\"6.1.5\" \/><input type=\"hidden\" name=\"_wpcf7_locale\" value=\"de_DE\" \/><input type=\"hidden\" name=\"_wpcf7_unit_tag\" value=\"wpcf7-f1508-o1\" \/><input type=\"hidden\" name=\"_wpcf7_container_post\" value=\"0\" \/><input type=\"hidden\" name=\"_wpcf7_posted_data_hash\" value=\"\" \/>\n<\/fieldset>\n<h4>Request a consultation now\n<\/h4>\n<p class=\"person\">Our expert Nino Cafaro will get back to you as soon as possible.\n<\/p>\n<div class=\"wps-form\">\n\t<div class=\"wps-form-row\">\n\t\t<div class=\"wps-form-column kuerzer\">\n\t\t\t<p><label>Salutation*<\/label><span class=\"wpcf7-form-control-wrap\" data-name=\"menu-628\"><select class=\"wpcf7-form-control wpcf7-select wpcf7-validates-as-required\" aria-required=\"true\" aria-invalid=\"false\" name=\"menu-628\"><option value=\"\">Please select<\/option><option value=\"Mrs.\">Mrs.<\/option><option value=\"Mr.\">Mr.<\/option><option value=\"Divers\">Divers<\/option><\/select><\/span>\n\t\t\t<\/p>\n\t\t<\/div>\n\t\t<div class=\"wps-form-column\">\n\t\t\t<p><label>Your Name*<\/label><span class=\"wpcf7-form-control-wrap\" data-name=\"kundenname\"><input size=\"40\" maxlength=\"400\" class=\"wpcf7-form-control wpcf7-text wpcf7-validates-as-required\" aria-required=\"true\" aria-invalid=\"false\" placeholder=\"Max Mustermann\" value=\"\" type=\"text\" name=\"kundenname\" \/><\/span>\n\t\t\t<\/p>\n\t\t<\/div>\n\t<\/div>\n\t<div class=\"wps-form-row\">\n\t\t<div class=\"wps-form-column kuerzer\">\n\t\t\t<p><label>Your Mail*<\/label><span class=\"wpcf7-form-control-wrap\" data-name=\"your-email\"><input size=\"40\" maxlength=\"400\" class=\"wpcf7-form-control wpcf7-email wpcf7-validates-as-required wpcf7-text wpcf7-validates-as-email\" aria-required=\"true\" aria-invalid=\"false\" placeholder=\"mustermann@gmail.com\" value=\"\" type=\"email\" name=\"your-email\" \/><\/span>\n\t\t\t<\/p>\n\t\t<\/div>\n\t\t<div class=\"wps-form-column\">\n\t\t\t<p><label>Your Phonenumber<\/label><span class=\"wpcf7-form-control-wrap\" data-name=\"telefonnummer\"><input size=\"40\" maxlength=\"400\" class=\"wpcf7-form-control wpcf7-tel wpcf7-text wpcf7-validates-as-tel\" aria-invalid=\"false\" placeholder=\"0212 123456\" value=\"\" type=\"tel\" name=\"telefonnummer\" \/><\/span>\n\t\t\t<\/p>\n\t\t<\/div>\n\t<\/div>\n\t<div class=\"wps-form-row\">\n\t\t<div class=\"wps-form-column\">\n\t\t\t<p><label>Achievement*<\/label><span class=\"wpcf7-form-control-wrap\" data-name=\"menu-800\"><select class=\"wpcf7-form-control wpcf7-select wpcf7-validates-as-required\" aria-required=\"true\" aria-invalid=\"false\" name=\"menu-800\"><option value=\"\">Select an achievement<\/option><option value=\"Spalten\">Spalten<\/option><option value=\"Schmieden\">Schmieden<\/option><option value=\"Gl\u00fchen\">Gl\u00fchen<\/option><option value=\"Stanzen\">Stanzen<\/option><option value=\"Lochen\">Lochen<\/option><option value=\"Schleifen\">Schleifen<\/option><option value=\"H\u00e4rten\">H\u00e4rten<\/option><option value=\"Schneiden\">Schneiden<\/option><option value=\"Tiefk\u00fchlen\">Tiefk\u00fchlen<\/option><option value=\"Anlassen\">Anlassen<\/option><option value=\"Abrichten\">Abrichten<\/option><option value=\"Kontrolle\">Kontrolle<\/option><\/select><\/span>\n\t\t\t<\/p>\n\t\t<\/div>\n\t<\/div>\n\t<div class=\"wps-form-row\">\n\t\t<div class=\"wps-form-column\">\n\t\t\t<p><label>Your request<\/label><span class=\"wpcf7-form-control-wrap\" data-name=\"textarea-830\"><textarea cols=\"40\" rows=\"10\" maxlength=\"2000\" class=\"wpcf7-form-control wpcf7-textarea\" aria-invalid=\"false\" placeholder=\"Your request in detail ...\" name=\"textarea-830\"><\/textarea><\/span>\n\t\t\t<\/p>\n\t\t<\/div>\n\t<\/div>\n\t<div class=\"wps-form-row\">\n\t\t<div class=\"wps-form-column\">\n\t\t\t<p><span class=\"wpcf7-form-control-wrap\" data-name=\"acceptance-52\"><span class=\"wpcf7-form-control wpcf7-acceptance\"><span class=\"wpcf7-list-item\"><label><input type=\"checkbox\" name=\"acceptance-52\" value=\"1\" aria-invalid=\"false\" \/><span class=\"wpcf7-list-item-label\">I have read the <a target=\"_blank\" href=\"\/en\/datenschutzerklaerung\/\" title=\"Datenschutzerkl\u00e4rung \">Privacy Policy<\/a>.<\/span><\/label><\/span><\/span><\/span>\n\t\t\t<\/p>\n\t\t\t<p class=\"rechtstext\">All fields marked with an (*) are mandatory.\n\t\t\t<\/p>\n\t\t\t<p><span id=\"wpcf7-69fb3c4d36aee-wrapper\" class=\"wpcf7-form-control-wrap kirschner-und-sohn-wrap\" style=\"display:none !important; visibility:hidden !important;\"><label for=\"wpcf7-69fb3c4d36aee-field\" class=\"hp-message\">Bitte lasse dieses Feld leer.<\/label><input id=\"wpcf7-69fb3c4d36aee-field\"  class=\"wpcf7-form-control wpcf7-text\" type=\"text\" name=\"kirschner-und-sohn\" value=\"\" size=\"40\" tabindex=\"-1\" autocomplete=\"new-password\" \/><\/span><input class=\"wpcf7-form-control wpcf7-submit has-spinner\" type=\"submit\" value=\"Send request\" \/>\n\t\t\t<\/p>\n\t\t<\/div>\n\t<\/div>\n<\/div><div class=\"wpcf7-response-output\" aria-hidden=\"true\"><\/div>\n<\/form>\n<\/div>\n[\/et_pb_code][\/et_pb_column][\/et_pb_row][\/et_pb_section]<\/p>\n","protected":false},"excerpt":{"rendered":"<p>Pressing Punching is a separating process. A punching device consists of two tool parts &#8211; a holder for punches and a holder for dies. When the punch engages in the die, the material is separated by a shear cut. This is how the desired blank is created, which has the shape of the punch of [&hellip;]<\/p>\n","protected":false},"author":1,"featured_media":846,"parent":0,"menu_order":0,"comment_status":"closed","ping_status":"closed","template":"unterseite.php","meta":{"_acf_changed":false,"_et_pb_use_builder":"on","_et_pb_old_content":"[et_pb_section fb_built=\"1\" module_class=\"ds-section bild-text-unterseite\" _builder_version=\"4.10.4\" _module_preset=\"default\" global_colors_info=\"{}\"][et_pb_row column_structure=\"1_2,1_2\" _builder_version=\"4.10.4\" _module_preset=\"default\" global_colors_info=\"{}\"][et_pb_column type=\"1_2\" _builder_version=\"4.10.4\" _module_preset=\"default\" global_colors_info=\"{}\"][et_pb_text _builder_version=\"4.10.4\" _module_preset=\"default\" hover_enabled=\"0\" global_colors_info=\"{}\" sticky_enabled=\"0\"]<h2>Stanzen<\/h2>\r\nDas Stanzen ist ein trennendes Verfahren.\r\nEine Stanzvorrichtung besteht aus zwei Werkzeugteilen \u2013 einem Halter f\u00fcr Stempel und einem Halter f\u00fcr Matrizen.\r\nBeim Eingreifen des Stempels in die Matrize wird das Material durch einen Scherschnitt getrennt.\r\nSo entsteht der gew\u00fcnschte Rohling, der die Form des Stempels der Matrize hat.  [\/et_pb_text][\/et_pb_column][et_pb_column type=\"1_2\" _builder_version=\"4.10.4\" _module_preset=\"default\" global_colors_info=\"{}\"][et_pb_image src=\"https:\/\/www.juliuskirschner.de\/wp-content\/uploads\/2021\/10\/spalten.jpg\" alt=\"Spalten Julius Kirschner & Sohn\" title_text=\"Spalten Julius Kirschner & Sohn\" module_class=\"frontimage\" _builder_version=\"4.10.4\" _module_preset=\"default\" global_colors_info=\"{}\"][\/et_pb_image][\/et_pb_column][\/et_pb_row][\/et_pb_section][et_pb_section fb_built=\"1\" admin_label=\"Kontakt\" module_id=\"kontakt-sektion\" module_class=\"ds-section blue\" _builder_version=\"4.10.4\" _module_preset=\"default\" global_colors_info=\"{}\"][et_pb_row column_structure=\"1_2,1_2\" module_class=\"formular-row\" _builder_version=\"4.10.4\" _module_preset=\"default\" global_colors_info=\"{}\"][et_pb_column type=\"1_2\" _builder_version=\"4.10.4\" _module_preset=\"default\" global_colors_info=\"{}\"][et_pb_text _builder_version=\"4.10.4\" _module_preset=\"default\" global_colors_info=\"{}\"]<h3>Unverbindliche Beratung<\/h3>\r\nKontaktieren Sie uns telefonisch oder per Mail. Wir freuen uns auf Ihre Anfrage!\r\n<a href=\"tel:+492122481280\" class=\"phone\">+49(0)212 \/ 248128-0<\/a><a href=\"mailto:info@juliuskirschner.de\" class=\"kontakt\">info@juliuskirschner.de<\/a><a href=\"https:\/\/goo.gl\/maps\/iwpdik1JA9hLzMWn6\" target=\"_blank\" class=\"location\" rel=\"noopener\">L\u00fcneschlo\u00dfstra\u00dfe 87, 42657 Solingen<\/a>\r\nTelefax: +49(0)212 \/ 248128-0[\/et_pb_text][\/et_pb_column][et_pb_column type=\"1_2\" _builder_version=\"4.10.4\" _module_preset=\"default\" global_colors_info=\"{}\"][et_pb_code module_class=\"form1\" _builder_version=\"4.10.4\" _module_preset=\"default\" global_colors_info=\"{}\"][contact-form-7 id=\"14\" title=\"Kontaktformular 1\"][\/et_pb_code][\/et_pb_column][\/et_pb_row][\/et_pb_section]","_et_gb_content_width":"","footnotes":""},"class_list":["post-1396","page","type-page","status-publish","has-post-thumbnail","hentry"],"acf":[],"yoast_head":"<!-- This site is optimized with the Yoast SEO plugin v27.4 - https:\/\/yoast.com\/product\/yoast-seo-wordpress\/ -->\n<title>Stanzen - Julius Kirschner &amp; Sohn<\/title>\n<meta name=\"description\" content=\"In order to obtain the desired blank and to separate the workpieces from one another, we at Julius Kirschner and Son use the stamping method.\" \/>\n<meta name=\"robots\" content=\"index, follow, max-snippet:-1, max-image-preview:large, max-video-preview:-1\" \/>\n<link rel=\"canonical\" href=\"https:\/\/www.juliuskirschner.de\/en\/stanzen\/\" \/>\n<meta property=\"og:locale\" content=\"en_US\" \/>\n<meta property=\"og:type\" content=\"article\" \/>\n<meta property=\"og:title\" content=\"Stanzen - Julius Kirschner &amp; Sohn\" \/>\n<meta property=\"og:description\" content=\"In order to obtain the desired blank and to separate the workpieces from one another, we at Julius Kirschner and Son use the stamping method.\" \/>\n<meta property=\"og:url\" content=\"https:\/\/www.juliuskirschner.de\/en\/stanzen\/\" \/>\n<meta property=\"og:site_name\" content=\"Julius Kirschner &amp; Sohn\" \/>\n<meta property=\"article:modified_time\" content=\"2022-07-05T09:47:23+00:00\" \/>\n<meta property=\"og:image\" content=\"https:\/\/www.juliuskirschner.de\/wp-content\/uploads\/2021\/10\/entgraten_manfred-walther.jpg\" \/>\n\t<meta property=\"og:image:width\" content=\"1600\" \/>\n\t<meta property=\"og:image:height\" content=\"686\" \/>\n\t<meta property=\"og:image:type\" content=\"image\/jpeg\" \/>\n<meta name=\"twitter:card\" content=\"summary_large_image\" \/>\n<meta name=\"twitter:label1\" content=\"Est. reading time\" \/>\n\t<meta name=\"twitter:data1\" content=\"2 minutes\" \/>\n<script type=\"application\/ld+json\" class=\"yoast-schema-graph\">{\"@context\":\"https:\\\/\\\/schema.org\",\"@graph\":[{\"@type\":\"WebPage\",\"@id\":\"https:\\\/\\\/www.juliuskirschner.de\\\/en\\\/stanzen\\\/\",\"url\":\"https:\\\/\\\/www.juliuskirschner.de\\\/en\\\/stanzen\\\/\",\"name\":\"Stanzen - Julius Kirschner &amp; Sohn\",\"isPartOf\":{\"@id\":\"https:\\\/\\\/www.juliuskirschner.de\\\/#website\"},\"primaryImageOfPage\":{\"@id\":\"https:\\\/\\\/www.juliuskirschner.de\\\/en\\\/stanzen\\\/#primaryimage\"},\"image\":{\"@id\":\"https:\\\/\\\/www.juliuskirschner.de\\\/en\\\/stanzen\\\/#primaryimage\"},\"thumbnailUrl\":\"https:\\\/\\\/www.juliuskirschner.de\\\/wp-content\\\/uploads\\\/2021\\\/10\\\/entgraten_manfred-walther.jpg\",\"datePublished\":\"2022-06-14T14:50:18+00:00\",\"dateModified\":\"2022-07-05T09:47:23+00:00\",\"description\":\"In order to obtain the desired blank and to separate the workpieces from one another, we at Julius Kirschner and Son use the stamping method.\",\"breadcrumb\":{\"@id\":\"https:\\\/\\\/www.juliuskirschner.de\\\/en\\\/stanzen\\\/#breadcrumb\"},\"inLanguage\":\"en-US\",\"potentialAction\":[{\"@type\":\"ReadAction\",\"target\":[\"https:\\\/\\\/www.juliuskirschner.de\\\/en\\\/stanzen\\\/\"]}]},{\"@type\":\"ImageObject\",\"inLanguage\":\"en-US\",\"@id\":\"https:\\\/\\\/www.juliuskirschner.de\\\/en\\\/stanzen\\\/#primaryimage\",\"url\":\"https:\\\/\\\/www.juliuskirschner.de\\\/wp-content\\\/uploads\\\/2021\\\/10\\\/entgraten_manfred-walther.jpg\",\"contentUrl\":\"https:\\\/\\\/www.juliuskirschner.de\\\/wp-content\\\/uploads\\\/2021\\\/10\\\/entgraten_manfred-walther.jpg\",\"width\":1600,\"height\":686},{\"@type\":\"BreadcrumbList\",\"@id\":\"https:\\\/\\\/www.juliuskirschner.de\\\/en\\\/stanzen\\\/#breadcrumb\",\"itemListElement\":[{\"@type\":\"ListItem\",\"position\":1,\"name\":\"Startseite\",\"item\":\"https:\\\/\\\/www.juliuskirschner.de\\\/en\\\/\"},{\"@type\":\"ListItem\",\"position\":2,\"name\":\"Stanzen\"}]},{\"@type\":\"WebSite\",\"@id\":\"https:\\\/\\\/www.juliuskirschner.de\\\/#website\",\"url\":\"https:\\\/\\\/www.juliuskirschner.de\\\/\",\"name\":\"Julius Kirschner &amp; Sohn\",\"description\":\"\u00dcber 100 Jahre Schmiedepartnerschaft aus Solingen. Julius Kirschner &amp; Sohn ist Hersteller der Schneidwarenindustrie. Das Programm umfasst die Herstellung von geschmiedeten Profi- und K\u00fcchenmesser.\",\"potentialAction\":[{\"@type\":\"SearchAction\",\"target\":{\"@type\":\"EntryPoint\",\"urlTemplate\":\"https:\\\/\\\/www.juliuskirschner.de\\\/?s={search_term_string}\"},\"query-input\":{\"@type\":\"PropertyValueSpecification\",\"valueRequired\":true,\"valueName\":\"search_term_string\"}}],\"inLanguage\":\"en-US\"}]}<\/script>\n<!-- \/ Yoast SEO plugin. -->","yoast_head_json":{"title":"Stanzen - Julius Kirschner &amp; Sohn","description":"In order to obtain the desired blank and to separate the workpieces from one another, we at Julius Kirschner and Son use the stamping method.","robots":{"index":"index","follow":"follow","max-snippet":"max-snippet:-1","max-image-preview":"max-image-preview:large","max-video-preview":"max-video-preview:-1"},"canonical":"https:\/\/www.juliuskirschner.de\/en\/stanzen\/","og_locale":"en_US","og_type":"article","og_title":"Stanzen - Julius Kirschner &amp; Sohn","og_description":"In order to obtain the desired blank and to separate the workpieces from one another, we at Julius Kirschner and Son use the stamping method.","og_url":"https:\/\/www.juliuskirschner.de\/en\/stanzen\/","og_site_name":"Julius Kirschner &amp; Sohn","article_modified_time":"2022-07-05T09:47:23+00:00","og_image":[{"width":1600,"height":686,"url":"https:\/\/www.juliuskirschner.de\/wp-content\/uploads\/2021\/10\/entgraten_manfred-walther.jpg","type":"image\/jpeg"}],"twitter_card":"summary_large_image","twitter_misc":{"Est. reading time":"2 minutes"},"schema":{"@context":"https:\/\/schema.org","@graph":[{"@type":"WebPage","@id":"https:\/\/www.juliuskirschner.de\/en\/stanzen\/","url":"https:\/\/www.juliuskirschner.de\/en\/stanzen\/","name":"Stanzen - Julius Kirschner &amp; Sohn","isPartOf":{"@id":"https:\/\/www.juliuskirschner.de\/#website"},"primaryImageOfPage":{"@id":"https:\/\/www.juliuskirschner.de\/en\/stanzen\/#primaryimage"},"image":{"@id":"https:\/\/www.juliuskirschner.de\/en\/stanzen\/#primaryimage"},"thumbnailUrl":"https:\/\/www.juliuskirschner.de\/wp-content\/uploads\/2021\/10\/entgraten_manfred-walther.jpg","datePublished":"2022-06-14T14:50:18+00:00","dateModified":"2022-07-05T09:47:23+00:00","description":"In order to obtain the desired blank and to separate the workpieces from one another, we at Julius Kirschner and Son use the stamping method.","breadcrumb":{"@id":"https:\/\/www.juliuskirschner.de\/en\/stanzen\/#breadcrumb"},"inLanguage":"en-US","potentialAction":[{"@type":"ReadAction","target":["https:\/\/www.juliuskirschner.de\/en\/stanzen\/"]}]},{"@type":"ImageObject","inLanguage":"en-US","@id":"https:\/\/www.juliuskirschner.de\/en\/stanzen\/#primaryimage","url":"https:\/\/www.juliuskirschner.de\/wp-content\/uploads\/2021\/10\/entgraten_manfred-walther.jpg","contentUrl":"https:\/\/www.juliuskirschner.de\/wp-content\/uploads\/2021\/10\/entgraten_manfred-walther.jpg","width":1600,"height":686},{"@type":"BreadcrumbList","@id":"https:\/\/www.juliuskirschner.de\/en\/stanzen\/#breadcrumb","itemListElement":[{"@type":"ListItem","position":1,"name":"Startseite","item":"https:\/\/www.juliuskirschner.de\/en\/"},{"@type":"ListItem","position":2,"name":"Stanzen"}]},{"@type":"WebSite","@id":"https:\/\/www.juliuskirschner.de\/#website","url":"https:\/\/www.juliuskirschner.de\/","name":"Julius Kirschner &amp; Sohn","description":"\u00dcber 100 Jahre Schmiedepartnerschaft aus Solingen. Julius Kirschner &amp; Sohn ist Hersteller der Schneidwarenindustrie. Das Programm umfasst die Herstellung von geschmiedeten Profi- und K\u00fcchenmesser.","potentialAction":[{"@type":"SearchAction","target":{"@type":"EntryPoint","urlTemplate":"https:\/\/www.juliuskirschner.de\/?s={search_term_string}"},"query-input":{"@type":"PropertyValueSpecification","valueRequired":true,"valueName":"search_term_string"}}],"inLanguage":"en-US"}]}},"_links":{"self":[{"href":"https:\/\/www.juliuskirschner.de\/en\/wp-json\/wp\/v2\/pages\/1396","targetHints":{"allow":["GET"]}}],"collection":[{"href":"https:\/\/www.juliuskirschner.de\/en\/wp-json\/wp\/v2\/pages"}],"about":[{"href":"https:\/\/www.juliuskirschner.de\/en\/wp-json\/wp\/v2\/types\/page"}],"author":[{"embeddable":true,"href":"https:\/\/www.juliuskirschner.de\/en\/wp-json\/wp\/v2\/users\/1"}],"replies":[{"embeddable":true,"href":"https:\/\/www.juliuskirschner.de\/en\/wp-json\/wp\/v2\/comments?post=1396"}],"version-history":[{"count":4,"href":"https:\/\/www.juliuskirschner.de\/en\/wp-json\/wp\/v2\/pages\/1396\/revisions"}],"predecessor-version":[{"id":1601,"href":"https:\/\/www.juliuskirschner.de\/en\/wp-json\/wp\/v2\/pages\/1396\/revisions\/1601"}],"wp:featuredmedia":[{"embeddable":true,"href":"https:\/\/www.juliuskirschner.de\/en\/wp-json\/wp\/v2\/media\/846"}],"wp:attachment":[{"href":"https:\/\/www.juliuskirschner.de\/en\/wp-json\/wp\/v2\/media?parent=1396"}],"curies":[{"name":"wp","href":"https:\/\/api.w.org\/{rel}","templated":true}]}}